{"id":70,"date":"2025-06-07T16:17:57","date_gmt":"2025-06-07T14:17:57","guid":{"rendered":"http:\/\/parcoursnoe.fr\/?page_id=70"},"modified":"2026-04-29T17:46:10","modified_gmt":"2026-04-29T15:46:10","slug":"rejoindre-un-parcours","status":"publish","type":"page","link":"http:\/\/parcoursnoe.fr\/index.php\/rejoindre-un-parcours\/","title":{"rendered":"Rejoindre un parcours"},"content":{"rendered":"\n<p><div class=\"leaflet-map WPLeafletMap\" style=\"height:250px; width:100%;\"><\/div><script>\nwindow.WPLeafletMapPlugin = window.WPLeafletMapPlugin || [];\nwindow.WPLeafletMapPlugin.push(function WPLeafletMapShortcode() {\/*<script>*\/\nvar baseUrl = atob('aHR0cHM6Ly90aWxlLm9wZW5zdHJlZXRtYXAub3JnL3t6fS97eH0ve3l9LnBuZw==');\nvar base = (!baseUrl && window.MQ) ?\n    window.MQ.mapLayer() : L.tileLayer(baseUrl,\n        L.Util.extend({}, {\n            detectRetina: 0,\n        },\n        {\"subdomains\":\"abc\",\"noWrap\":false,\"maxZoom\":19}        )\n    );\n    var options = L.Util.extend({}, {\n        layers: [base],\n        attributionControl: false\n    },\n    {\"zoomControl\":false,\"scrollWheelZoom\":false,\"doubleClickZoom\":false,\"fitBounds\":false,\"minZoom\":0,\"maxZoom\":19,\"maxBounds\":null,\"attribution\":\"<a href=\\\"http:\\\/\\\/leafletjs.com\\\" title=\\\"A JS library for interactive maps\\\">Leaflet<\\\/a>; \\u00a9 <a href=\\\"http:\\\/\\\/www.openstreetmap.org\\\/copyright\\\">OpenStreetMap<\\\/a> contributors\"},\n    {});\nwindow.WPLeafletMapPlugin.createMap(options).setView([44.67,-63.61],12);});<\/script><br><script>\nwindow.WPLeafletMapPlugin = window.WPLeafletMapPlugin || [];\nwindow.WPLeafletMapPlugin.push(function WPLeafletMarkerShortcode() {\/*<script>*\/\nvar map = window.WPLeafletMapPlugin.getCurrentMap();\nvar group = window.WPLeafletMapPlugin.getCurrentGroup();\nvar marker_options = window.WPLeafletMapPlugin.getIconOptions({});\nvar marker = L.marker(\n    [45.75,4.85],\n    marker_options\n);\nvar is_image = map.is_image_map;\nif (marker_options.draggable) {\n    marker.on('dragend', function () {\n        var latlng = this.getLatLng();\n        var lat = latlng.lat;\n        var lng = latlng.lng;\n        if (is_image) {\n            console.log('leaflet-marker y=' + lat + ' x=' + lng);\n        } else {\n            console.log('leaflet-marker lat=' + lat + ' lng=' + lng);\n        }\n    });\n}\nmarker.addTo( group );\nmarker.bindPopup(window.WPLeafletMapPlugin.unescape('Parcours Lyon'));window.WPLeafletMapPlugin.markers.push( marker );\n        });<\/script><\/p>\n\n\n\n<h2 class=\"wp-block-heading\">Grenoble oct-d\u00e9c. 2025<\/h2>\n\n\n\n<p><a href=\"https:\/\/maps.app.goo.gl\/aFQWejSsDGvfB9No9\"><strong>Eglise St-Fran\u00e7ois de Sales<\/strong><\/a><br>RDV mardi 7 octobre 2025 \u00e0 20h<br>Session en pr\u00e9sentiel ouverte \u00e0 tou.te.s, en particulier aux r\u00e9f\u00e9rents paroissiaux Eglise Verte du bassin Grenoblois et leurs \u00e9quipes qui souhaiteraient animer des parcours dans leurs paroisses en 2026.<br>Horaires : les mardis soirs de 20h \u00e0 22h <br>Dates : 07\/10, 14\/10, 04\/11, 11\/11, 18\/11, 25\/11, 02\/12, 09\/12, 16\/12.<br>Intervenants :<br>&#8211; Florent P\u00e9net, fondateur du parcours No\u00e9<br>&#8211; Olivier Bouillez, membre de l&#8217;\u00e9quipe Ecologie Int\u00e9grale du dioc\u00e8se Grenoble-Vienne<\/p>\n\n\n\n<div class=\"wp-block-buttons is-layout-flex wp-block-buttons-is-layout-flex\">\n<div class=\"wp-block-button\"><a class=\"wp-block-button__link wp-element-button\" href=\"https:\/\/framaforms.org\/inscription-parcours-noe-1750320375\">Inscription<\/a><\/div>\n<\/div>\n\n\n\n<h2 class=\"wp-block-heading\">Saint-Martin-d&#8217;H\u00e8res, jan-mars 2026<\/h2>\n\n\n\n<p><a href=\"https:\/\/maps.app.goo.gl\/sHvCVaaVvYEqfkkN8\"><strong>Eglise ND de la Salette<\/strong><\/a><br>RDV lundi 05 janvier 2026 \u00e0 20h<br>Session en pr\u00e9sentiel ouverte \u00e0 tou.te.s, en particulier aux paroissiens de la paroisse Saint-Thomas \u00e0 Gi\u00e8res et Saint-Martin-d&#8217;H\u00e8res.<br>Horaires : les lundis soirs de 20h \u00e0 22h <br>Dates : 05\/01, 12\/01, 19\/01, 26\/01, 02\/02, 23\/02, 02\/03, 09\/03, 16\/03<br><\/p>\n\n\n\n<div class=\"wp-block-buttons is-layout-flex wp-block-buttons-is-layout-flex\">\n<div class=\"wp-block-button\"><a class=\"wp-block-button__link wp-element-button\" href=\"https:\/\/framaforms.org\/inscription-parcours-noe-1750320375\">Inscription<\/a><\/div>\n<\/div>\n\n\n\n<h2 class=\"wp-block-heading\">Cahors, mars-juin 2026<\/h2>\n\n\n\n<p><a href=\"https:\/\/maps.app.goo.gl\/zJ7auAG7E4uBpe4DA\"><strong>Paroisse Saint-Etienne de Cahors<\/strong><\/a><br>RDV mercredi 18 mars 2026 \u00e0 19h30 (Maison paroissiale de Pradines)<br>Session en pr\u00e9sentiel, ouverte \u00e0 tou.te.s<br>Formule soir\u00e9e avec d\u00eener inclus, prix conseill\u00e9 : 6\u20ac\/repas<br>Horaires : Mercredis soirs 20h-22h30<br>Dates : 18\/03, 25\/03, 01\/04, 08\/04, 15\/04, 06\/05, 20\/05, 27\/05, 03\/06<br>Intervenants&nbsp;:<strong>&nbsp;<\/strong><br>&#8211; Fabien Revol, \u00e9coth\u00e9ologien, philosophe directeur du CHJB<br>&#8211; P. Bertrand Cormier,CHJB, pr\u00eatre et REI du dioc\u00e8se de Cahors.<br>&#8211; P. St\u00e9phane Aubujeault<strong>, <\/strong>pr\u00eatre du dioc\u00e8se de Cahors<br>&#8211; Marc Esslinger, naturaliste<\/p>\n\n\n\n<div class=\"wp-block-buttons is-layout-flex wp-block-buttons-is-layout-flex\">\n<div class=\"wp-block-button\"><a class=\"wp-block-button__link wp-element-button\" href=\"https:\/\/centreheleneetjeanbastaire.fr\/evenements\/parcours-noe\/\">Inscription<\/a><\/div>\n<\/div>\n\n\n<div class=\"jet-fb-form-block\" data-is-block=\"jet-forms\/form-block\"><style id=\"jet-form-builder-193-inline-css\"><\/style><form  class=\"jet-form-builder layout-column submit-type-reload\" action=\"http:\/\/parcoursnoe.fr\/wp-json\/wp\/v2\/pages\/70\/?6kV02g=2hS2r3V9FT49&amp;method=reload\" method=\"POST\" data-form-id=\"193\" data-layout=\"column\" enctype=\"multipart\/form-data\" novalidate=\"null\" ssr_validation_method=\"rest\"><input type=\"hidden\" id=\"_wpnonce\" name=\"_wpnonce\" value=\"8a32375687\" \/><input type=\"hidden\" name=\"_wp_http_referer\" value=\"\/index.php\/wp-json\/wp\/v2\/pages\/70\" \/>\r\n<input type=\"hidden\" name=\"_jfb_current_render_states[]\" value=\"DEFAULT.STATE\" data-jfb-sync \/><input type=\"hidden\" class=\"jet-form-builder__field hidden-field\" name=\"_jet_engine_booking_form_id\" data-field-name=\"_jet_engine_booking_form_id\" value=\"193\">\n<input type=\"hidden\" class=\"jet-form-builder__field hidden-field\" name=\"_jet_engine_refer\" data-field-name=\"_jet_engine_refer\" value=\"http:\/\/parcoursnoe.fr\/wp-json\/wp\/v2\/pages\/70\/\">\n<input type=\"hidden\" class=\"jet-form-builder__field hidden-field\" name=\"__queried_post_id\" data-field-name=\"__queried_post_id\" value=\"70\">\n<div  class=\"jet-form-builder-row field-type-text-field cb-hianvasi\" >\n<div class=\"jet-form-builder__label\">\r\n<div class=\"jet-form-builder__label-text\">Pr\u00e9nom<\/div><\/div><div class=\"jet-form-builder__field-wrap\">\n\t\t\t\t<input name=\"prenom\" id=\"prenom\" type=\"text\" data-field-name=\"prenom\" class=\"jet-form-builder__field text-field\" data-jfb-sync=\"null\" autocomplete=\"off_ep37z2vL\">\n\t\t\t\t\t<\/div>\n<\/div>\n\n<div  class=\"jet-form-builder-row field-type-text-field cb-ucup0a19\" >\n<div class=\"jet-form-builder__label\">\r\n<div class=\"jet-form-builder__label-text\">Nom<\/div><\/div><div class=\"jet-form-builder__field-wrap\">\n\t\t\t\t<input name=\"nom\" id=\"nom\" type=\"text\" data-field-name=\"nom\" class=\"jet-form-builder__field text-field\" data-jfb-sync=\"null\" autocomplete=\"off_pNZbTrjw\">\n\t\t\t\t\t<\/div>\n<\/div>\n\n<div  class=\"jet-form-builder-row field-type-text-field cb-k13wonye\" >\n<div class=\"jet-form-builder__label\">\r\n<div class=\"jet-form-builder__label-text\">Email<\/div><\/div><div class=\"jet-form-builder__field-wrap\">\n\t\t\t\t<input name=\"email\" id=\"email\" type=\"email\" data-field-name=\"email\" class=\"jet-form-builder__field text-field\" data-jfb-sync=\"null\" autocomplete=\"off_U9zAkdF8\">\n\t\t\t\t\t<\/div>\n<\/div>\n\n<div  class=\"jet-form-builder-row field-type-text-field cb-jv6vyjz5\" >\n<div class=\"jet-form-builder__label\">\r\n<div class=\"jet-form-builder__label-text\">T\u00e9l\u00e9phone<\/div><\/div><div class=\"jet-form-builder__field-wrap\">\n\t\t\t\t<input name=\"telephone\" id=\"telephone\" type=\"text\" data-field-name=\"telephone\" class=\"jet-form-builder__field text-field\" data-jfb-sync=\"null\" autocomplete=\"off_jZy9vWSH\">\n\t\t\t\t\t<\/div>\n<\/div>\n\n\n<input type=\"hidden\" class=\"jet-form-builder__field hidden-field\" name=\"parcours_lie\" data-field-name=\"parcours_lie\" data-jfb-sync=\"null\" value=\"70\">\n\n\n\n\n<input type=\"hidden\" class=\"jet-form-builder__field hidden-field\" name=\"statut\" data-field-name=\"statut\" data-jfb-sync=\"null\" value=\"demande\">\n\n\n\n<div  class=\"jet-form-builder-row field-type-submit-field cb-znso9tyl\" >\n\t<div data-type=\"submit\" class=\"jet-form-builder__action-button-wrapper jet-form-builder__submit-wrap\">\n\t<button class=\"jet-form-builder__action-button jet-form-builder__submit submit-type-reload\" type=\"submit\">Submit<\/button>\n\t<\/div>\n\t\n<\/div>\n\n\n<p><\/p>\n\t<div class=\"jet-form-builder-messages-wrap\" data-form-id=\"193\"><\/div>\n<\/form>\n<\/div>\n","protected":false},"excerpt":{"rendered":"<p>Grenoble oct-d\u00e9c. 2025 Eglise St-Fran\u00e7ois de SalesRDV mardi 7 octobre 2025 \u00e0 20hSession en pr\u00e9sentiel ouverte \u00e0 tou.te.s, en particulier aux r\u00e9f\u00e9rents paroissiaux Eglise Verte du bassin Grenoblois et leurs \u00e9quipes qui souhaiteraient animer des parcours dans leurs paroisses en 2026.Horaires : les mardis soirs de 20h \u00e0 22h Dates : 07\/10, 14\/10, 04\/11, 11\/11,&hellip; <a class=\"more-link\" href=\"http:\/\/parcoursnoe.fr\/index.php\/rejoindre-un-parcours\/\">Continue reading <span class=\"screen-reader-text\">Rejoindre un parcours<\/span><\/a><\/p>\n","protected":false},"author":1,"featured_media":0,"parent":0,"menu_order":0,"comment_status":"closed","ping_status":"closed","template":"","meta":{"_acf_changed":false,"footnotes":""},"class_list":["post-70","page","type-page","status-publish","hentry","entry"],"acf":[],"_links":{"self":[{"href":"http:\/\/parcoursnoe.fr\/index.php\/wp-json\/wp\/v2\/pages\/70","targetHints":{"allow":["GET"]}}],"collection":[{"href":"http:\/\/parcoursnoe.fr\/index.php\/wp-json\/wp\/v2\/pages"}],"about":[{"href":"http:\/\/parcoursnoe.fr\/index.php\/wp-json\/wp\/v2\/types\/page"}],"author":[{"embeddable":true,"href":"http:\/\/parcoursnoe.fr\/index.php\/wp-json\/wp\/v2\/users\/1"}],"replies":[{"embeddable":true,"href":"http:\/\/parcoursnoe.fr\/index.php\/wp-json\/wp\/v2\/comments?post=70"}],"version-history":[{"count":19,"href":"http:\/\/parcoursnoe.fr\/index.php\/wp-json\/wp\/v2\/pages\/70\/revisions"}],"predecessor-version":[{"id":209,"href":"http:\/\/parcoursnoe.fr\/index.php\/wp-json\/wp\/v2\/pages\/70\/revisions\/209"}],"wp:attachment":[{"href":"http:\/\/parcoursnoe.fr\/index.php\/wp-json\/wp\/v2\/media?parent=70"}],"curies":[{"name":"wp","href":"https:\/\/api.w.org\/{rel}","templated":true}]}}