{"id":11,"date":"2025-06-05T15:34:21","date_gmt":"2025-06-05T13:34:21","guid":{"rendered":"http:\/\/parcoursnoe.fr\/?page_id=11"},"modified":"2025-06-09T15:11:41","modified_gmt":"2025-06-09T13:11:41","slug":"creez-votre-site-avec-des-blocs","status":"publish","type":"page","link":"http:\/\/parcoursnoe.fr\/","title":{"rendered":"Parcours No\u00e9 : accueil"},"content":{"rendered":"\n<div class=\"wp-block-columns alignwide are-vertically-aligned-top is-layout-flex wp-container-core-columns-is-layout-9d6595d7 wp-block-columns-is-layout-flex\">\n<div class=\"wp-block-column is-vertically-aligned-top is-layout-flow wp-block-column-is-layout-flow\">\n<h3 class=\"wp-block-heading has-text-align-center\">Dieu se soucie-t-il de la crise \u00e9cologique ?<br>Quelle esp\u00e9rance pour la plan\u00e8te ?<br>A quoi notre foi au Christ nous engage-t-elle ?<\/h3>\n\n\n\n<div style=\"height:50px\" aria-hidden=\"true\" class=\"wp-block-spacer\"><\/div>\n<\/div>\n<\/div>\n\n\n\n<div class=\"wp-block-media-text alignwide is-stacked-on-mobile\"><figure class=\"wp-block-media-text__media\"><img loading=\"lazy\" decoding=\"async\" width=\"745\" height=\"543\" src=\"http:\/\/parcoursnoe.fr\/wp-content\/uploads\/2025\/06\/cestquoi.png\" alt=\"C'est quoi ?\" class=\"wp-image-41 size-full\" srcset=\"http:\/\/parcoursnoe.fr\/wp-content\/uploads\/2025\/06\/cestquoi.png 745w, http:\/\/parcoursnoe.fr\/wp-content\/uploads\/2025\/06\/cestquoi-300x219.png 300w\" sizes=\"auto, (max-width: 745px) 100vw, 745px\" \/><\/figure><div class=\"wp-block-media-text__content\">\n<h3 class=\"wp-block-heading\">Qu&#8217;est-ce que le parcours No\u00e9 ?<\/h3>\n\n\n\n<p>Un parcours en 9 soir\u00e9es pour (mieux) comprendre la crise \u00e9cologique et notre part de responsabilit\u00e9, \u00e9changer sur notre esp\u00e9rance en Christ et explorer ensemble l&#8217;\u00e9cologie int\u00e9grale comme un v\u00e9ritable chemin de conversion au Christ et \u00e0 son \u00c9vangile.<\/p>\n<\/div><\/div>\n\n\n\n<div class=\"wp-block-media-text alignwide has-media-on-the-right is-stacked-on-mobile\"><div class=\"wp-block-media-text__content\">\n<h3 class=\"wp-block-heading\">Une proposition 100% chr\u00e9tienne<\/h3>\n\n\n\n<p>Le parcours No\u00e9 s&#8217;adresse \u00e0 tous les chr\u00e9tiens et plus g\u00e9n\u00e9ralement \u00e0 tous ceux que le sujet interpelle, qu&#8217;ils soient d\u00e9j\u00e0 sensibilis\u00e9s \u00e0 l&#8217;\u00e9cologie ou non. Le parcours nous invite \u00e0 renouveler notre regard sur l&#8217;\u00e9cologie \u00e0 partir de la Bible et de la tradition chr\u00e9tienne.<\/p>\n<\/div><figure class=\"wp-block-media-text__media\"><img loading=\"lazy\" decoding=\"async\" width=\"699\" height=\"498\" src=\"http:\/\/parcoursnoe.fr\/wp-content\/uploads\/2025\/06\/pourqui.png\" alt=\"Pour qui ?\" class=\"wp-image-43 size-full\" srcset=\"http:\/\/parcoursnoe.fr\/wp-content\/uploads\/2025\/06\/pourqui.png 699w, http:\/\/parcoursnoe.fr\/wp-content\/uploads\/2025\/06\/pourqui-300x214.png 300w\" sizes=\"auto, (max-width: 699px) 100vw, 699px\" \/><\/figure><\/div>\n\n\n\n<div class=\"wp-block-media-text alignwide is-stacked-on-mobile\"><figure class=\"wp-block-media-text__media\"><img loading=\"lazy\" decoding=\"async\" width=\"1024\" height=\"689\" src=\"http:\/\/parcoursnoe.fr\/wp-content\/uploads\/2025\/06\/comprendre-1024x689.png\" alt=\"Comprendre\n\" class=\"wp-image-56 size-full\" srcset=\"http:\/\/parcoursnoe.fr\/wp-content\/uploads\/2025\/06\/comprendre-1024x689.png 1024w, http:\/\/parcoursnoe.fr\/wp-content\/uploads\/2025\/06\/comprendre-300x202.png 300w, http:\/\/parcoursnoe.fr\/wp-content\/uploads\/2025\/06\/comprendre-768x517.png 768w, http:\/\/parcoursnoe.fr\/wp-content\/uploads\/2025\/06\/comprendre.png 1132w\" sizes=\"auto, (max-width: 1024px) 100vw, 1024px\" \/><\/figure><div class=\"wp-block-media-text__content\">\n<h3 class=\"wp-block-heading\">Une formation passionnante<\/h3>\n\n\n\n<p>Le Parcours No\u00e9 offre un temps de formation avec des contenus scientifiques, \u00e9conomiques, sociologiques, historiques, mais aussi th\u00e9ologiques et bibliques. Il est accessible \u00e0 tous sans pr\u00e9requis.<\/p>\n<\/div><\/div>\n\n\n\n<div class=\"wp-block-media-text alignwide has-media-on-the-right is-stacked-on-mobile\"><div class=\"wp-block-media-text__content\">\n<h3 class=\"wp-block-heading\">Un espace d&#8217;\u00e9change bienveillant<\/h3>\n\n\n\n<p>Le Parcours No\u00e9 propose un espace d&#8217;\u00e9change o\u00f9 chacun, quelles que soient ses opinions politiques, est invit\u00e9 \u00e0 s&#8217;interroger personnellement, partager librement ses id\u00e9es et s&#8217;enrichir du cheminement et des r\u00e9flexions des autres participants.<\/p>\n<\/div><figure class=\"wp-block-media-text__media\"><img loading=\"lazy\" decoding=\"async\" width=\"1024\" height=\"705\" src=\"http:\/\/parcoursnoe.fr\/wp-content\/uploads\/2025\/06\/echanger-1-1024x705.png\" alt=\"\" class=\"wp-image-136 size-full\" srcset=\"http:\/\/parcoursnoe.fr\/wp-content\/uploads\/2025\/06\/echanger-1-1024x705.png 1024w, http:\/\/parcoursnoe.fr\/wp-content\/uploads\/2025\/06\/echanger-1-300x206.png 300w, http:\/\/parcoursnoe.fr\/wp-content\/uploads\/2025\/06\/echanger-1-768x528.png 768w, http:\/\/parcoursnoe.fr\/wp-content\/uploads\/2025\/06\/echanger-1.png 1122w\" sizes=\"auto, (max-width: 1024px) 100vw, 1024px\" \/><\/figure><\/div>\n\n\n\n<div class=\"wp-block-media-text alignwide is-stacked-on-mobile\"><figure class=\"wp-block-media-text__media\"><img loading=\"lazy\" decoding=\"async\" width=\"1024\" height=\"747\" src=\"http:\/\/parcoursnoe.fr\/wp-content\/uploads\/2025\/06\/transformer-1024x747.png\" alt=\"Se laisser transformer\" class=\"wp-image-60 size-full\" srcset=\"http:\/\/parcoursnoe.fr\/wp-content\/uploads\/2025\/06\/transformer-1024x747.png 1024w, http:\/\/parcoursnoe.fr\/wp-content\/uploads\/2025\/06\/transformer-300x219.png 300w, http:\/\/parcoursnoe.fr\/wp-content\/uploads\/2025\/06\/transformer-768x560.png 768w, http:\/\/parcoursnoe.fr\/wp-content\/uploads\/2025\/06\/transformer.png 1122w\" sizes=\"auto, (max-width: 1024px) 100vw, 1024px\" \/><\/figure><div class=\"wp-block-media-text__content\">\n<h3 class=\"wp-block-heading\">Une exp\u00e9rience transformante<\/h3>\n\n\n\n<p>Des exercices pratiques sont propos\u00e9s \u00e0 titre individuel et collectif. Ils placent le Christ au centre de notre conversion : c&#8217;est en Son nom que jaillit l&#8217;envie de changer notre vie, nos collectifs, nos structures.<\/p>\n<\/div><\/div>\n\n\n\n<div class=\"wp-block-columns is-layout-flex wp-container-core-columns-is-layout-ed5226f6 wp-block-columns-is-layout-flex\" style=\"padding-right:0;padding-left:0\">\n<div class=\"wp-block-column is-layout-flow wp-block-column-is-layout-flow\" style=\"padding-top:0;padding-bottom:0\"><\/div>\n\n\n\n<div class=\"wp-block-column is-layout-flow wp-block-column-is-layout-flow\"><\/div>\n<\/div>\n","protected":false},"excerpt":{"rendered":"<p>Dieu se soucie-t-il de la crise \u00e9cologique ?Quelle esp\u00e9rance pour la plan\u00e8te ?A quoi notre foi au Christ nous engage-t-elle ? Qu&#8217;est-ce que le parcours No\u00e9 ? Un parcours en 9 soir\u00e9es pour (mieux) comprendre la crise \u00e9cologique et notre part de responsabilit\u00e9, \u00e9changer sur notre esp\u00e9rance en Christ et explorer ensemble l&#8217;\u00e9cologie int\u00e9grale comme&hellip; <a class=\"more-link\" href=\"http:\/\/parcoursnoe.fr\/\">Continue reading <span class=\"screen-reader-text\">Parcours No\u00e9 : accueil<\/span><\/a><\/p>\n","protected":false},"author":1,"featured_media":0,"parent":0,"menu_order":0,"comment_status":"closed","ping_status":"closed","template":"","meta":{"_acf_changed":false,"footnotes":""},"class_list":["post-11","page","type-page","status-publish","hentry","entry"],"acf":[],"_links":{"self":[{"href":"http:\/\/parcoursnoe.fr\/index.php\/wp-json\/wp\/v2\/pages\/11","targetHints":{"allow":["GET"]}}],"collection":[{"href":"http:\/\/parcoursnoe.fr\/index.php\/wp-json\/wp\/v2\/pages"}],"about":[{"href":"http:\/\/parcoursnoe.fr\/index.php\/wp-json\/wp\/v2\/types\/page"}],"author":[{"embeddable":true,"href":"http:\/\/parcoursnoe.fr\/index.php\/wp-json\/wp\/v2\/users\/1"}],"replies":[{"embeddable":true,"href":"http:\/\/parcoursnoe.fr\/index.php\/wp-json\/wp\/v2\/comments?post=11"}],"version-history":[{"count":21,"href":"http:\/\/parcoursnoe.fr\/index.php\/wp-json\/wp\/v2\/pages\/11\/revisions"}],"predecessor-version":[{"id":137,"href":"http:\/\/parcoursnoe.fr\/index.php\/wp-json\/wp\/v2\/pages\/11\/revisions\/137"}],"wp:attachment":[{"href":"http:\/\/parcoursnoe.fr\/index.php\/wp-json\/wp\/v2\/media?parent=11"}],"curies":[{"name":"wp","href":"https:\/\/api.w.org\/{rel}","templated":true}]}}